{"id":168,"date":"2026-02-03T15:31:37","date_gmt":"2026-02-03T15:31:37","guid":{"rendered":"https:\/\/urnae.ch\/?page_id=168"},"modified":"2026-02-12T12:09:21","modified_gmt":"2026-02-12T12:09:21","slug":"bleibsel","status":"publish","type":"page","link":"https:\/\/urnae.ch\/?page_id=168","title":{"rendered":"Bleibsel"},"content":{"rendered":"<p>[et_pb_section fb_built=&#8220;1&#8243; custom_padding_last_edited=&#8220;on|desktop&#8220; admin_label=&#8220;Header&#8220; _builder_version=&#8220;4.27.5&#8243; _module_preset=&#8220;default&#8220; use_background_color_gradient=&#8220;on&#8220; background_color_gradient_type=&#8220;circular&#8220; background_color_gradient_stops=&#8220;rgba(73,61,8,0.04) 0%|rgba(52,33,7,0.7) 87%&#8220; background_color_gradient_overlays_image=&#8220;on&#8220; background_image=&#8220;https:\/\/urnae.ch\/wp-content\/uploads\/2026\/01\/charms_all.jpg&#8220; custom_padding=&#8220;22vw||70px||false|false&#8220; custom_padding_tablet=&#8220;60px||||false|false&#8220; custom_padding_phone=&#8220;60px||||false|false&#8220; locked=&#8220;off&#8220; collapsed=&#8220;on&#8220; global_colors_info=&#8220;{}&#8220;][et_pb_row _builder_version=&#8220;4.21.0&#8243; _module_preset=&#8220;default&#8220; z_index=&#8220;10&#8243; max_width=&#8220;none&#8220; global_colors_info=&#8220;{}&#8220;][et_pb_column type=&#8220;4_4&#8243; _builder_version=&#8220;4.21.0&#8243; _module_preset=&#8220;default&#8220; global_colors_info=&#8220;{}&#8220;][et_pb_text _builder_version=&#8220;4.21.0&#8243; _module_preset=&#8220;83df31e4-55ca-4ad4-aead-f155fd410667&#8243; header_text_color=&#8220;#FFFFFF&#8220; locked=&#8220;off&#8220; global_colors_info=&#8220;{}&#8220;]<\/p>\n<h1><\/h1>\n<p>[\/et_pb_text][et_pb_image src=&#8220;https:\/\/urnae.ch\/wp-content\/uploads\/2026\/02\/bg_transp.png&#8220; alt=&#8220;Urnae&#8220; title_text=&#8220;Urnae&#8220; disabled_on=&#8220;off|off|off&#8220; _builder_version=&#8220;4.27.5&#8243; _module_preset=&#8220;default&#8220; locked=&#8220;off&#8220; global_colors_info=&#8220;{}&#8220;][\/et_pb_image][et_pb_text _builder_version=&#8220;4.27.5&#8243; _module_preset=&#8220;975671c4-144d-40d2-a4a6-0c8c10a6256a&#8220; text_font=&#8220;Bodoni Moda|700|||||||&#8220; text_text_color=&#8220;#FFFFFF&#8220; text_font_size=&#8220;24px&#8220; max_width=&#8220;716px&#8220; module_alignment=&#8220;left&#8220; text_font_size_tablet=&#8220;&#8220; text_font_size_phone=&#8220;&#8220; text_font_size_last_edited=&#8220;on|phone&#8220; locked=&#8220;off&#8220; global_colors_info=&#8220;{}&#8220;]<\/p>\n<p>Bleibsel &#8211; ein St\u00fcck Schlafende Erde in die Hand nehmen<\/p>\n<p>[\/et_pb_text][et_pb_button button_text=&#8220;Grosse Urnen&#8220; disabled_on=&#8220;on|on|on&#8220; _builder_version=&#8220;4.27.5&#8243; _module_preset=&#8220;d0d214e3-49d0-42c9-9669-840d2033ba9b&#8220; disabled=&#8220;on&#8220; locked=&#8220;off&#8220; global_colors_info=&#8220;{}&#8220;][\/et_pb_button][\/et_pb_column][\/et_pb_row][et_pb_row _builder_version=&#8220;4.21.0&#8243; _module_preset=&#8220;default&#8220; positioning=&#8220;absolute&#8220; position_origin_a=&#8220;bottom_left&#8220; z_index=&#8220;0&#8243; width=&#8220;100%&#8220; max_width=&#8220;none&#8220; custom_padding=&#8220;||0px|||&#8220; global_colors_info=&#8220;{}&#8220;][et_pb_column type=&#8220;4_4&#8243; _builder_version=&#8220;4.21.0&#8243; _module_preset=&#8220;default&#8220; global_colors_info=&#8220;{}&#8220;][et_pb_image src=&#8220;https:\/\/urnae.ch\/wp-content\/uploads\/2025\/09\/watercolor-divider-01.png&#8220; title_text=&#8220;watercolor-divider-01&#8243; _builder_version=&#8220;4.21.0&#8243; _module_preset=&#8220;default&#8220; global_colors_info=&#8220;{}&#8220;][\/et_pb_image][\/et_pb_column][\/et_pb_row][\/et_pb_section][et_pb_section fb_built=&#8220;1&#8243; _builder_version=&#8220;4.27.5&#8243; _module_preset=&#8220;default&#8220; custom_padding=&#8220;||6px|||&#8220; locked=&#8220;off&#8220; global_colors_info=&#8220;{}&#8220;][et_pb_row _builder_version=&#8220;4.27.5&#8243; _module_preset=&#8220;default&#8220; custom_padding=&#8220;||10px|||&#8220; global_colors_info=&#8220;{}&#8220;][et_pb_column type=&#8220;4_4&#8243; _builder_version=&#8220;4.27.5&#8243; _module_preset=&#8220;default&#8220; global_colors_info=&#8220;{}&#8220;][et_pb_text admin_label=&#8220;Die kleinen Urnen&#8220; _builder_version=&#8220;4.27.5&#8243; _module_preset=&#8220;59fba4e3-bc05-4688-93b1-a3582be913b2&#8243; text_orientation=&#8220;center&#8220; locked=&#8220;off&#8220; global_colors_info=&#8220;{}&#8220;]<\/p>\n<h2>Bleibsel<\/h2>\n<p>[\/et_pb_text][et_pb_text _builder_version=&#8220;4.27.5&#8243; _module_preset=&#8220;default&#8220; global_colors_info=&#8220;{}&#8220;]<\/p>\n<p data-start=\"23\" data-end=\"43\"><strong data-start=\"23\" data-end=\"43\">Bleibsel aus Ton<\/strong><\/p>\n<p data-start=\"45\" data-end=\"367\">Diese <em data-start=\"51\" data-end=\"61\">Bleibsel<\/em> geh\u00f6ren zur gleichen Familie wie die <em data-start=\"99\" data-end=\"118\">Schlafenden Erden<\/em>: aus Ton gearbeitet, in derselben Formensprache, ruhig und handnah. Manche zeigen ein Kreuz, einen Engel, ein Buch \u2013 andere bleiben abstrakter. Alle sind so geformt, dass sie in der Hand liegen k\u00f6nnen: als kleines Gewicht, als Oberfl\u00e4che, als Halt.<\/p>\n<p data-start=\"369\" data-end=\"561\">Diese symbolischen St\u00fccke gehen nicht mit ins Grab. Sie sind f\u00fcr den Alltag gedacht \u2013 f\u00fcr Zuhause, f\u00fcr ein Regal, eine Fensterbank, einen Tisch. Ein Ort, an dem Erinnerung wohnen darf, ohne gross zu werden.<\/p>\n<p data-start=\"563\" data-end=\"756\" data-is-last-node=\"\" data-is-only-node=\"\">Als kleine Objekte schlagen sie eine Br\u00fccke: nicht als Ersatz, nicht als Symbol mit fertiger Bedeutung, sondern als stilles Gegen\u00fcber. Ein <em data-start=\"702\" data-end=\"712\">Bleibsel<\/em>, das man ber\u00fchren kann \u2013 und das verbindet. Etwas, das bleibt.<\/p>\n<p>[\/et_pb_text][et_pb_divider color=&#8220;#634300&#8243; _builder_version=&#8220;4.27.5&#8243; _module_preset=&#8220;default&#8220; global_colors_info=&#8220;{}&#8220;][\/et_pb_divider][\/et_pb_column][\/et_pb_row][\/et_pb_section][et_pb_section fb_built=&#8220;1&#8243; admin_label=&#8220;Charms Box&#8220; _builder_version=&#8220;4.27.5&#8243; _module_preset=&#8220;default&#8220; custom_padding=&#8220;||4px|||&#8220; global_module=&#8220;192&#8243; saved_tabs=&#8220;all&#8220; locked=&#8220;off&#8220; collapsed=&#8220;off&#8220; global_colors_info=&#8220;{}&#8220;][et_pb_row admin_label=&#8220;Charms Portfolio Box&#8220; _builder_version=&#8220;4.27.5&#8243; _module_preset=&#8220;default&#8220; global_colors_info=&#8220;{}&#8220;][et_pb_column type=&#8220;4_4&#8243; _builder_version=&#8220;4.27.5&#8243; _module_preset=&#8220;default&#8220; global_colors_info=&#8220;{}&#8220;][et_pb_text admin_label=&#8220;&#8230; Charms&#8220; _builder_version=&#8220;4.27.5&#8243; _module_preset=&#8220;default&#8220; text_font=&#8220;Bodoni Moda||||||||&#8220; text_text_color=&#8220;#634300&#8243; header_font=&#8220;Bodoni Moda||||||||&#8220; header_text_color=&#8220;#634300&#8243; header_2_text_color=&#8220;#634300&#8243; global_colors_info=&#8220;{}&#8220;]<\/p>\n<h2>&#8230; Bleibsel<\/h2>\n<p>ein St\u00fcck Schlafende Erde in die Hand nehmen<\/p>\n<p>[\/et_pb_text][et_pb_portfolio fullwidth=&#8220;off&#8220; posts_number=&#8220;500&#8243; include_categories=&#8220;11&#8243; show_categories=&#8220;off&#8220; show_pagination=&#8220;off&#8220; zoom_icon_color=&#8220;rgba(99,80,38,0.53)&#8220; admin_label=&#8220;Portfolio charms&#8220; _builder_version=&#8220;4.27.5&#8243; _module_preset=&#8220;default&#8220; title_font=&#8220;Bodoni Moda||||||||&#8220; title_text_color=&#8220;#634300&#8243; title_font_size=&#8220;14px&#8220; title_letter_spacing=&#8220;1px&#8220; global_colors_info=&#8220;{}&#8220;][\/et_pb_portfolio][et_pb_divider color=&#8220;#634300&#8243; _builder_version=&#8220;4.27.5&#8243; _module_preset=&#8220;default&#8220; global_colors_info=&#8220;{}&#8220;][\/et_pb_divider][\/et_pb_column][\/et_pb_row][\/et_pb_section][et_pb_section fb_built=&#8220;1&#8243; admin_label=&#8220;Unsere Urnen Box&#8220; _builder_version=&#8220;4.27.5&#8243; _module_preset=&#8220;default&#8220; background_color=&#8220;rgba(107,112,93,0.06)&#8220; custom_padding=&#8220;8px||8px|||&#8220; global_module=&#8220;196&#8243; saved_tabs=&#8220;all&#8220; locked=&#8220;off&#8220; collapsed=&#8220;off&#8220; global_colors_info=&#8220;{}&#8220;][et_pb_row _builder_version=&#8220;4.27.5&#8243; _module_preset=&#8220;default&#8220; custom_padding=&#8220;5px|||||&#8220; global_colors_info=&#8220;{}&#8220;][et_pb_column type=&#8220;4_4&#8243; _builder_version=&#8220;4.27.5&#8243; _module_preset=&#8220;default&#8220; global_colors_info=&#8220;{}&#8220;][et_pb_text admin_label=&#8220;Unsere Urnen&#8220; _builder_version=&#8220;4.27.5&#8243; _module_preset=&#8220;59fba4e3-bc05-4688-93b1-a3582be913b2&#8243; text_orientation=&#8220;center&#8220; locked=&#8220;off&#8220; global_colors_info=&#8220;{}&#8220;]<\/p>\n<h2>Unsere Urnen<\/h2>\n<p>[\/et_pb_text][\/et_pb_column][\/et_pb_row][et_pb_row column_structure=&#8220;1_4,1_4,1_4,1_4&#8243; admin_label=&#8220;vier Bilder zu unsere Urnen&#8220; _builder_version=&#8220;4.27.5&#8243; _module_preset=&#8220;default&#8220; global_colors_info=&#8220;{}&#8220;][et_pb_column type=&#8220;1_4&#8243; _builder_version=&#8220;4.21.0&#8243; _module_preset=&#8220;default&#8220; global_colors_info=&#8220;{}&#8220;][et_pb_image src=&#8220;https:\/\/urnae.ch\/wp-content\/uploads\/2026\/02\/urnen_teaser.jpg&#8220; title_text=&#8220;urnen_teaser&#8220; _builder_version=&#8220;4.27.5&#8243; _module_preset=&#8220;default&#8220; global_colors_info=&#8220;{}&#8220;][\/et_pb_image][et_pb_text _builder_version=&#8220;4.27.5&#8243; _module_preset=&#8220;58e270ff-fb4e-4a3d-bde8-f893318f9945&#8243; custom_margin=&#8220;||0px||false|false&#8220; global_colors_info=&#8220;{}&#8220;]<\/p>\n<h5>Urnen<\/h5>\n<p>[\/et_pb_text][et_pb_text _builder_version=&#8220;4.27.5&#8243; _module_preset=&#8220;f9e90b9b-8ba8-49cd-9133-983567b11282&#8243; global_colors_info=&#8220;{}&#8220;]<\/p>\n<p>Die grossen Urnen fassen alle Asche einer Person.<\/p>\n<p>[\/et_pb_text][\/et_pb_column][et_pb_column type=&#8220;1_4&#8243; _builder_version=&#8220;4.21.0&#8243; _module_preset=&#8220;default&#8220; global_colors_info=&#8220;{}&#8220;][et_pb_image src=&#8220;https:\/\/urnae.ch\/wp-content\/uploads\/2026\/02\/urnen_teaser_paar.jpg&#8220; alt=&#8220;Paarurnen&#8220; title_text=&#8220;Paarurnen&#8220; _builder_version=&#8220;4.27.5&#8243; _module_preset=&#8220;default&#8220; global_colors_info=&#8220;{}&#8220;][\/et_pb_image][et_pb_text _builder_version=&#8220;4.27.5&#8243; _module_preset=&#8220;58e270ff-fb4e-4a3d-bde8-f893318f9945&#8243; custom_margin=&#8220;||0px||false|false&#8220; global_colors_info=&#8220;{}&#8220;]<\/p>\n<h5>Paarurnen<\/h5>\n<p>[\/et_pb_text][et_pb_text _builder_version=&#8220;4.27.5&#8243; _module_preset=&#8220;f9e90b9b-8ba8-49cd-9133-983567b11282&#8243; global_colors_info=&#8220;{}&#8220;]<\/p>\n<p>Die besonderen Urnen sind f\u00fcr Paare.<\/p>\n<p>[\/et_pb_text][\/et_pb_column][et_pb_column type=&#8220;1_4&#8243; _builder_version=&#8220;4.21.0&#8243; _module_preset=&#8220;default&#8220; global_colors_info=&#8220;{}&#8220;][et_pb_image src=&#8220;https:\/\/urnae.ch\/wp-content\/uploads\/2026\/02\/urnen_klein_teaser.jpg&#8220; alt=&#8220;Die kleine Urne&#8220; title_text=&#8220;kleine Urne&#8220; url=&#8220;@ET-DC@eyJkeW5hbWljIjp0cnVlLCJjb250ZW50IjoicG9zdF9saW5rX3VybF9wYWdlIiwic2V0dGluZ3MiOnsicG9zdF9pZCI6IjIxOSJ9fQ==@&#8220; _builder_version=&#8220;4.27.5&#8243; _dynamic_attributes=&#8220;url&#8220; _module_preset=&#8220;default&#8220; global_colors_info=&#8220;{}&#8220;][\/et_pb_image][et_pb_text _builder_version=&#8220;4.27.5&#8243; _module_preset=&#8220;58e270ff-fb4e-4a3d-bde8-f893318f9945&#8243; custom_margin=&#8220;||0px||false|false&#8220; global_colors_info=&#8220;{}&#8220;]<\/p>\n<h5>kleine Urnen<\/h5>\n<p>[\/et_pb_text][et_pb_text _builder_version=&#8220;4.27.5&#8243; _module_preset=&#8220;f9e90b9b-8ba8-49cd-9133-983567b11282&#8243; global_colors_info=&#8220;{}&#8220;]<\/p>\n<p>F\u00fcr 50 g Asche als Erinnerung f\u00fcr zuhause.<\/p>\n<p>[\/et_pb_text][\/et_pb_column][et_pb_column type=&#8220;1_4&#8243; _builder_version=&#8220;4.21.0&#8243; _module_preset=&#8220;default&#8220; global_colors_info=&#8220;{}&#8220;][et_pb_image src=&#8220;https:\/\/urnae.ch\/wp-content\/uploads\/2026\/02\/charms_800_750_2.jpg&#8220; title_text=&#8220;charms_800_750_2&#8243; url=&#8220;@ET-DC@eyJkeW5hbWljIjp0cnVlLCJjb250ZW50IjoicG9zdF9saW5rX3VybF9wYWdlIiwic2V0dGluZ3MiOnsicG9zdF9pZCI6IjE2OCJ9fQ==@&#8220; _builder_version=&#8220;4.27.5&#8243; _dynamic_attributes=&#8220;url&#8220; _module_preset=&#8220;default&#8220; global_colors_info=&#8220;{}&#8220;][\/et_pb_image][et_pb_text _builder_version=&#8220;4.27.5&#8243; _dynamic_attributes=&#8220;link_option_url&#8220; _module_preset=&#8220;58e270ff-fb4e-4a3d-bde8-f893318f9945&#8243; custom_margin=&#8220;||0px||false|false&#8220; link_option_url=&#8220;@ET-DC@eyJkeW5hbWljIjp0cnVlLCJjb250ZW50IjoicG9zdF9saW5rX3VybF9wYWdlIiwic2V0dGluZ3MiOnsicG9zdF9pZCI6IjE2OCJ9fQ==@&#8220; global_colors_info=&#8220;{}&#8220;]<\/p>\n<h5>Bleibsel<\/h5>\n<p>[\/et_pb_text][et_pb_text _builder_version=&#8220;4.27.5&#8243; _dynamic_attributes=&#8220;link_option_url&#8220; _module_preset=&#8220;f9e90b9b-8ba8-49cd-9133-983567b11282&#8243; link_option_url=&#8220;@ET-DC@eyJkeW5hbWljIjp0cnVlLCJjb250ZW50IjoicG9zdF9saW5rX3VybF9wYWdlIiwic2V0dGluZ3MiOnsicG9zdF9pZCI6IjE2OCJ9fQ==@&#8220; global_colors_info=&#8220;{}&#8220;]<\/p>\n<p>Ein St\u00fcck schlafende Erde zum in die Hand nehmen.<\/p>\n<p>[\/et_pb_text][\/et_pb_column][\/et_pb_row][et_pb_row admin_label=&#8220;Teiler Box&#8220; _builder_version=&#8220;4.27.5&#8243; _module_preset=&#8220;default&#8220; custom_padding=&#8220;||4px|||&#8220; global_colors_info=&#8220;{}&#8220;][et_pb_column type=&#8220;4_4&#8243; _builder_version=&#8220;4.27.5&#8243; _module_preset=&#8220;default&#8220; global_colors_info=&#8220;{}&#8220;][et_pb_divider color=&#8220;#634300&#8243; admin_label=&#8220;Teiler&#8220; _builder_version=&#8220;4.27.5&#8243; _module_preset=&#8220;default&#8220; global_colors_info=&#8220;{}&#8220;][\/et_pb_divider][\/et_pb_column][\/et_pb_row][\/et_pb_section][et_pb_section fb_built=&#8220;1&#8243; _builder_version=&#8220;4.27.5&#8243; _module_preset=&#8220;default&#8220; custom_padding=&#8220;4px||3px|||&#8220; locked=&#8220;off&#8220; global_colors_info=&#8220;{}&#8220;][et_pb_row _builder_version=&#8220;4.27.5&#8243; _module_preset=&#8220;default&#8220; custom_padding=&#8220;57px||4px|||&#8220; global_colors_info=&#8220;{}&#8220;][et_pb_column type=&#8220;4_4&#8243; _builder_version=&#8220;4.27.5&#8243; _module_preset=&#8220;default&#8220; global_colors_info=&#8220;{}&#8220;][et_pb_text _builder_version=&#8220;4.27.5&#8243; _module_preset=&#8220;default&#8220; text_font=&#8220;Bodoni Moda||||||||&#8220; text_text_color=&#8220;#634300&#8243; header_font=&#8220;Bodoni Moda||||||||&#8220; header_text_color=&#8220;#634300&#8243; header_2_text_color=&#8220;#634300&#8243; global_colors_info=&#8220;{}&#8220;]<\/p>\n<h4>weitere Urnen<\/h4>\n<p>[\/et_pb_text][\/et_pb_column][\/et_pb_row][\/et_pb_section][et_pb_section fb_built=&#8220;1&#8243; admin_label=&#8220;Sektion Grosse Urnen&#8220; _builder_version=&#8220;4.27.5&#8243; custom_padding=&#8220;||4px|||&#8220; global_module=&#8220;408&#8243; global_colors_info=&#8220;{}&#8220;][et_pb_row _builder_version=&#8220;4.16&#8243; background_size=&#8220;initial&#8220; background_position=&#8220;top_left&#8220; background_repeat=&#8220;repeat&#8220; custom_padding=&#8220;||117px|||&#8220; global_colors_info=&#8220;{}&#8220;][et_pb_column type=&#8220;4_4&#8243; _builder_version=&#8220;4.27.5&#8243; _module_preset=&#8220;default&#8220; global_colors_info=&#8220;{}&#8220;][et_pb_text admin_label=&#8220;Titel  grosse Urnen &#8220; _builder_version=&#8220;4.27.5&#8243; _module_preset=&#8220;default&#8220; text_font=&#8220;Bodoni Moda||||||||&#8220; text_text_color=&#8220;#634300&#8243; header_font=&#8220;Bodoni Moda||||||||&#8220; header_text_color=&#8220;#634300&#8243; header_2_text_color=&#8220;#634300&#8243; global_colors_info=&#8220;{}&#8220;]<\/p>\n<h2>&#8230; Urnen<\/h2>\n<p>[\/et_pb_text][et_pb_portfolio fullwidth=&#8220;off&#8220; posts_number=&#8220;500&#8243; include_categories=&#8220;3&#8243; show_categories=&#8220;off&#8220; show_pagination=&#8220;off&#8220; zoom_icon_color=&#8220;rgba(99,80,38,0.53)&#8220; admin_label=&#8220;Portfolio grosse Urnen&#8220; _builder_version=&#8220;4.27.5&#8243; _module_preset=&#8220;default&#8220; title_font=&#8220;Cormorant Garamond||||||||&#8220; title_text_color=&#8220;#634300&#8243; title_font_size=&#8220;16px&#8220; title_letter_spacing=&#8220;1px&#8220; global_colors_info=&#8220;{}&#8220;][\/et_pb_portfolio][et_pb_divider color=&#8220;#634300&#8243; _builder_version=&#8220;4.27.5&#8243; _module_preset=&#8220;default&#8220; locked=&#8220;off&#8220; global_colors_info=&#8220;{}&#8220;][\/et_pb_divider][\/et_pb_column][\/et_pb_row][\/et_pb_section][et_pb_section fb_built=&#8220;1&#8243; _builder_version=&#8220;4.27.5&#8243; _module_preset=&#8220;default&#8220; custom_padding=&#8220;||4px|||&#8220; global_module=&#8220;229&#8243; saved_tabs=&#8220;all&#8220; global_colors_info=&#8220;{}&#8220;][et_pb_row admin_label=&#8220;kleine Urnen Box&#8220; _builder_version=&#8220;4.27.5&#8243; _module_preset=&#8220;default&#8220; collapsed=&#8220;on&#8220; global_colors_info=&#8220;{}&#8220;][et_pb_column type=&#8220;4_4&#8243; _builder_version=&#8220;4.27.5&#8243; _module_preset=&#8220;default&#8220; global_colors_info=&#8220;{}&#8220;][et_pb_text admin_label=&#8220;&#8230; kleine Urnen&#8220; _builder_version=&#8220;4.27.5&#8243; _module_preset=&#8220;default&#8220; text_font=&#8220;Bodoni Moda||||||||&#8220; text_text_color=&#8220;#634300&#8243; header_font=&#8220;Bodoni Moda||||||||&#8220; header_text_color=&#8220;#634300&#8243; header_2_text_color=&#8220;#634300&#8243; global_colors_info=&#8220;{}&#8220;]<\/p>\n<h2>&#8230; kleine Urnen<\/h2>\n<p>[\/et_pb_text][et_pb_portfolio fullwidth=&#8220;off&#8220; posts_number=&#8220;500&#8243; include_categories=&#8220;4&#8243; show_categories=&#8220;off&#8220; show_pagination=&#8220;off&#8220; zoom_icon_color=&#8220;rgba(99,80,38,0.53)&#8220; _builder_version=&#8220;4.27.5&#8243; _module_preset=&#8220;default&#8220; title_font=&#8220;Cormorant Garamond||||||||&#8220; title_text_color=&#8220;#634300&#8243; title_font_size=&#8220;16px&#8220; title_letter_spacing=&#8220;1px&#8220; global_colors_info=&#8220;{}&#8220;][\/et_pb_portfolio][et_pb_divider color=&#8220;#634300&#8243; _builder_version=&#8220;4.27.5&#8243; _module_preset=&#8220;default&#8220; global_colors_info=&#8220;{}&#8220;][\/et_pb_divider][\/et_pb_column][\/et_pb_row][\/et_pb_section][et_pb_section fb_built=&#8220;1&#8243; admin_label=&#8220;Sektion Grosse Urnen&#8220; _builder_version=&#8220;4.27.5&#8243; custom_padding=&#8220;||4px|||&#8220; global_colors_info=&#8220;{}&#8220; global_module=&#8220;717&#8243; theme_builder_area=&#8220;post_content&#8220;][et_pb_row _builder_version=&#8220;4.16&#8243; background_size=&#8220;initial&#8220; background_position=&#8220;top_left&#8220; background_repeat=&#8220;repeat&#8220; custom_padding=&#8220;||117px|||&#8220; global_colors_info=&#8220;{}&#8220; theme_builder_area=&#8220;post_content&#8220;][et_pb_column type=&#8220;4_4&#8243; _builder_version=&#8220;4.27.5&#8243; _module_preset=&#8220;default&#8220; global_colors_info=&#8220;{}&#8220; theme_builder_area=&#8220;post_content&#8220;][et_pb_text admin_label=&#8220;Titel  grosse Urnen &#8220; _builder_version=&#8220;4.27.5&#8243; _module_preset=&#8220;default&#8220; text_font=&#8220;Bodoni Moda||||||||&#8220; text_text_color=&#8220;#634300&#8243; header_font=&#8220;Bodoni Moda||||||||&#8220; header_text_color=&#8220;#634300&#8243; header_2_text_color=&#8220;#634300&#8243; global_colors_info=&#8220;{}&#8220; theme_builder_area=&#8220;post_content&#8220;]<\/p>\n<h2>&#8230; Paarurnen<\/h2>\n<p>Urnen f\u00fcr zwei<\/p>\n<p>[\/et_pb_text][et_pb_portfolio fullwidth=&#8220;off&#8220; posts_number=&#8220;500&#8243; include_categories=&#8220;5&#8243; show_categories=&#8220;off&#8220; show_pagination=&#8220;off&#8220; zoom_icon_color=&#8220;rgba(99,80,38,0.53)&#8220; admin_label=&#8220;Portfolio grosse Urnen&#8220; _builder_version=&#8220;4.27.5&#8243; _module_preset=&#8220;default&#8220; title_font=&#8220;Cormorant Garamond||||||||&#8220; title_text_color=&#8220;#634300&#8243; title_font_size=&#8220;16px&#8220; title_letter_spacing=&#8220;1px&#8220; global_colors_info=&#8220;{}&#8220; theme_builder_area=&#8220;post_content&#8220;][\/et_pb_portfolio][et_pb_divider color=&#8220;#634300&#8243; _builder_version=&#8220;4.27.5&#8243; _module_preset=&#8220;default&#8220; locked=&#8220;off&#8220; global_colors_info=&#8220;{}&#8220; theme_builder_area=&#8220;post_content&#8220;][\/et_pb_divider][\/et_pb_column][\/et_pb_row][\/et_pb_section][et_pb_section fb_built=&#8220;1&#8243; custom_padding_last_edited=&#8220;on|desktop&#8220; admin_label=&#8220;Header&#8220; _builder_version=&#8220;4.27.5&#8243; _module_preset=&#8220;default&#8220; use_background_color_gradient=&#8220;on&#8220; background_color_gradient_type=&#8220;circular&#8220; background_color_gradient_stops=&#8220;rgba(73,61,8,0.04) 0%|rgba(52,33,7,0.7) 87%&#8220; background_color_gradient_overlays_image=&#8220;on&#8220; background_image=&#8220;https:\/\/urnae.ch\/wp-content\/uploads\/2026\/02\/individuelle_urnen.jpg&#8220; custom_padding=&#8220;40vw||70px||false|false&#8220; custom_padding_tablet=&#8220;60px||||false|false&#8220; custom_padding_phone=&#8220;60px||||false|false&#8220; locked=&#8220;off&#8220; collapsed=&#8220;on&#8220; global_colors_info=&#8220;{}&#8220;][et_pb_row _builder_version=&#8220;4.21.0&#8243; _module_preset=&#8220;default&#8220; z_index=&#8220;10&#8243; max_width=&#8220;none&#8220; global_colors_info=&#8220;{}&#8220;][et_pb_column type=&#8220;4_4&#8243; _builder_version=&#8220;4.21.0&#8243; _module_preset=&#8220;default&#8220; global_colors_info=&#8220;{}&#8220;][et_pb_text _builder_version=&#8220;4.21.0&#8243; _module_preset=&#8220;83df31e4-55ca-4ad4-aead-f155fd410667&#8243; header_text_color=&#8220;#FFFFFF&#8220; locked=&#8220;off&#8220; global_colors_info=&#8220;{}&#8220;]<\/p>\n<h1><\/h1>\n<p>[\/et_pb_text][et_pb_text _builder_version=&#8220;4.27.5&#8243; _module_preset=&#8220;975671c4-144d-40d2-a4a6-0c8c10a6256a&#8220; text_font=&#8220;Bodoni Moda|700|||||||&#8220; text_text_color=&#8220;#FFFFFF&#8220; text_font_size=&#8220;24px&#8220; max_width=&#8220;600px&#8220; module_alignment=&#8220;left&#8220; text_font_size_tablet=&#8220;&#8220; text_font_size_phone=&#8220;&#8220; text_font_size_last_edited=&#8220;on|phone&#8220; locked=&#8220;off&#8220; global_colors_info=&#8220;{}&#8220;]<\/p>\n<p>Individuelle Urnen<\/p>\n<h4><span style=\"color: #999999;\">Wenn Sie f\u00fcr sich oder eine\/n Angeh\u00f6rigen eine individuell f\u00fcr die Person hergestellte Urne haben m\u00f6chten, brauchen wir bis zum fertigen Produkt ca. 14 Tage bis 2 Monate.<\/span><\/h4>\n<p>[\/et_pb_text][\/et_pb_column][\/et_pb_row][et_pb_row _builder_version=&#8220;4.21.0&#8243; _module_preset=&#8220;default&#8220; positioning=&#8220;absolute&#8220; position_origin_a=&#8220;bottom_left&#8220; z_index=&#8220;0&#8243; width=&#8220;100%&#8220; max_width=&#8220;none&#8220; custom_padding=&#8220;||0px|||&#8220; global_colors_info=&#8220;{}&#8220;][et_pb_column type=&#8220;4_4&#8243; _builder_version=&#8220;4.21.0&#8243; _module_preset=&#8220;default&#8220; global_colors_info=&#8220;{}&#8220;][et_pb_image src=&#8220;https:\/\/urnae.ch\/wp-content\/uploads\/2025\/09\/watercolor-divider-01.png&#8220; title_text=&#8220;watercolor-divider-01&#8243; disabled_on=&#8220;on|on|on&#8220; _builder_version=&#8220;4.21.0&#8243; _module_preset=&#8220;default&#8220; disabled=&#8220;on&#8220; global_colors_info=&#8220;{}&#8220;][\/et_pb_image][\/et_pb_column][\/et_pb_row][\/et_pb_section][et_pb_section fb_built=&#8220;1&#8243; fullwidth=&#8220;on&#8220; _builder_version=&#8220;4.27.5&#8243; _module_preset=&#8220;default&#8220; saved_tabs=&#8220;all&#8220; locked=&#8220;off&#8220; global_colors_info=&#8220;{}&#8220;][\/et_pb_section]<\/p>\n","protected":false},"excerpt":{"rendered":"<p>Bleibsel &#8211; ein St\u00fcck Schlafende Erde in die Hand nehmenBleibselBleibsel aus Ton Diese Bleibsel geh\u00f6ren zur gleichen Familie wie die Schlafenden Erden: aus Ton gearbeitet, in derselben Formensprache, ruhig und handnah. Manche zeigen ein Kreuz, einen Engel, ein Buch \u2013 andere bleiben abstrakter. Alle sind so geformt, dass sie in der Hand liegen k\u00f6nnen: als [&hellip;]<\/p>\n","protected":false},"author":1,"featured_media":152,"parent":0,"menu_order":0,"comment_status":"closed","ping_status":"closed","template":"","meta":{"_et_pb_use_builder":"on","_et_pb_old_content":"","_et_gb_content_width":"","footnotes":""},"class_list":["post-168","page","type-page","status-publish","has-post-thumbnail","hentry"],"_links":{"self":[{"href":"https:\/\/urnae.ch\/index.php?rest_route=\/wp\/v2\/pages\/168","targetHints":{"allow":["GET"]}}],"collection":[{"href":"https:\/\/urnae.ch\/index.php?rest_route=\/wp\/v2\/pages"}],"about":[{"href":"https:\/\/urnae.ch\/index.php?rest_route=\/wp\/v2\/types\/page"}],"author":[{"embeddable":true,"href":"https:\/\/urnae.ch\/index.php?rest_route=\/wp\/v2\/users\/1"}],"replies":[{"embeddable":true,"href":"https:\/\/urnae.ch\/index.php?rest_route=%2Fwp%2Fv2%2Fcomments&post=168"}],"version-history":[{"count":15,"href":"https:\/\/urnae.ch\/index.php?rest_route=\/wp\/v2\/pages\/168\/revisions"}],"predecessor-version":[{"id":724,"href":"https:\/\/urnae.ch\/index.php?rest_route=\/wp\/v2\/pages\/168\/revisions\/724"}],"wp:featuredmedia":[{"embeddable":true,"href":"https:\/\/urnae.ch\/index.php?rest_route=\/wp\/v2\/media\/152"}],"wp:attachment":[{"href":"https:\/\/urnae.ch\/index.php?rest_route=%2Fwp%2Fv2%2Fmedia&parent=168"}],"curies":[{"name":"wp","href":"https:\/\/api.w.org\/{rel}","templated":true}]}}